{"id":19,"date":"2026-04-08T13:27:50","date_gmt":"2026-04-08T13:27:50","guid":{"rendered":"https:\/\/arboretum-ingredients.fr\/index.php\/ingredients\/"},"modified":"2026-04-11T19:49:14","modified_gmt":"2026-04-11T19:49:14","slug":"ingredients","status":"publish","type":"page","link":"https:\/\/arboretum-ingredients.com\/fr\/ingredients\/","title":{"rendered":"Ingr\u00e9dients"},"content":{"rendered":"<div data-elementor-type=\"wp-page\" data-elementor-id=\"19\" class=\"elementor elementor-19\">\n\t\t\t\t<div class=\"elementor-element elementor-element-34398a0 e-flex e-con-boxed e-con e-parent\" data-id=\"34398a0\" data-element_type=\"container\" data-e-type=\"container\">\n\t\t\t\t\t<div class=\"e-con-inner\">\n\t\t\t\t<div class=\"elementor-element elementor-element-b3266d8 elementor-widget elementor-widget-html\" data-id=\"b3266d8\" data-element_type=\"widget\" data-e-type=\"widget\" data-widget_type=\"html.default\">\n\t\t\t\t\t<style>\r\n  .arb-portfolio-hero{\r\n    background: linear-gradient(135deg, #083725 0%, #0d4a33 55%, #214b36 100%);\r\n    padding: 100px 40px 90px;\r\n    text-align: center;\r\n  }\r\n\r\n  .arb-portfolio-wrap{\r\n    max-width: 1120px;\r\n    margin: 0 auto;\r\n  }\r\n\r\n  .arb-portfolio-kicker{\r\n    font-size: 12px;\r\n    letter-spacing: 0.2em;\r\n    text-transform: uppercase;\r\n    color: #c7d37d;\r\n    margin: 0 0 14px;\r\n  }\r\n\r\n  .arb-portfolio-title{\r\n    font-size: 52px;\r\n    line-height: 1.08;\r\n    font-weight: 300;\r\n    color: #faffd1;\r\n    margin: 0 0 18px;\r\n    text-align: center;\r\n  }\r\n\r\n  .arb-portfolio-subtitle{\r\n    font-size: 18px;\r\n    line-height: 1.8;\r\n    color: rgba(250,255,209,0.84);\r\n    max-width: 760px;\r\n    margin: 0 auto;\r\n    text-align: center;\r\n  }\r\n\r\n  .arb-portfolio-section{\r\n    background: #f7f5ee;\r\n    padding: 0 40px 100px;\r\n  }\r\n\r\n  .arb-portfolio-intro{\r\n    max-width: 820px;\r\n    margin: 0 auto 42px;\r\n    text-align: center;\r\n    padding-top: 54px;\r\n  }\r\n\r\n  .arb-portfolio-intro h2{\r\n    font-size: 38px;\r\n    line-height: 1.18;\r\n    font-weight: 300;\r\n    color: #103b2c;\r\n    margin: 0 0 18px;\r\n    text-align: center;\r\n  }\r\n\r\n  .arb-portfolio-intro p{\r\n    font-size: 17px;\r\n    line-height: 1.9;\r\n    color: #586760;\r\n    margin: 0 auto;\r\n    max-width: 760px;\r\n    text-align: center;\r\n  }\r\n\r\n  .arb-portfolio-grid{\r\n    max-width: 1120px;\r\n    margin: 0 auto;\r\n    display: grid;\r\n    grid-template-columns: repeat(3, 1fr);\r\n    gap: 28px;\r\n    align-items: stretch;\r\n  }\r\n\r\n  .arb-ingredient-card{\r\n    background: #fffdf8;\r\n    border: 1px solid #e6e1d4;\r\n    border-radius: 26px;\r\n    overflow: hidden;\r\n    box-shadow: 0 14px 34px rgba(0,0,0,0.05);\r\n    display: flex;\r\n    flex-direction: column;\r\n    min-height: 100%;\r\n  }\r\n\r\n  .arb-ingredient-image{\r\n    height: 320px;\r\n    overflow: hidden;\r\n    background: #e9e5d9;\r\n  }\r\n\r\n  .arb-ingredient-image img{\r\n    width: 100%;\r\n    height: 100%;\r\n    object-fit: cover;\r\n    display: block;\r\n  }\r\n\r\n  .arb-ingredient-image.linodermine img{\r\n    object-position: center top;\r\n  }\r\n\r\n  .arb-ingredient-image.lumidermine img{\r\n    object-position: center center;\r\n  }\r\n\r\n  .arb-ingredient-image.resiskin img{\r\n    object-position: center top;\r\n  }\r\n\r\n  .arb-ingredient-body{\r\n    padding: 30px 28px 28px;\r\n    display: flex;\r\n    flex-direction: column;\r\n    flex: 1;\r\n  }\r\n\r\n  .arb-ingredient-kicker{\r\n    font-size: 11px;\r\n    letter-spacing: 0.15em;\r\n    text-transform: uppercase;\r\n    color: #95a823;\r\n    margin: 0 0 10px;\r\n  }\r\n\r\n  .arb-ingredient-title{\r\n    font-size: 30px;\r\n    line-height: 1.14;\r\n    font-weight: 300;\r\n    color: #103b2c;\r\n    margin: 0 0 14px;\r\n  }\r\n\r\n  .arb-ingredient-inci{\r\n    font-size: 13px;\r\n    line-height: 1.7;\r\n    color: #7f8b84;\r\n    margin: 0 0 18px;\r\n    font-style: italic;\r\n    min-height: 44px;\r\n  }\r\n\r\n  .arb-ingredient-text{\r\n    font-size: 15px;\r\n    line-height: 1.85;\r\n    color: #586760;\r\n    margin: 0 0 22px;\r\n    min-height: 135px;\r\n  }\r\n\r\n  .arb-proof-box{\r\n    background: #faffd1;\r\n    border: 1px solid #ebf0c8;\r\n    border-radius: 18px;\r\n    padding: 18px 18px 16px;\r\n    margin-bottom: 24px;\r\n    min-height: 120px;\r\n  }\r\n\r\n  .arb-proof-box p{\r\n    font-size: 13px;\r\n    line-height: 1.7;\r\n    color: #103b2c;\r\n    font-weight: 600;\r\n    margin: 0 0 4px;\r\n  }\r\n\r\n  .arb-proof-box p:last-child{\r\n    margin-bottom: 0;\r\n  }\r\n\r\n  .arb-ingredient-cta{\r\n    margin-top: auto;\r\n  }\r\n\r\n  .arb-ingredient-cta a{\r\n    display: inline-block;\r\n    font-size: 12px;\r\n    font-weight: 700;\r\n    color: #103b2c;\r\n    text-decoration: none;\r\n    text-transform: uppercase;\r\n    letter-spacing: 0.1em;\r\n    border-bottom: 2px solid #95a823;\r\n    padding-bottom: 4px;\r\n  }\r\n\r\n  @media (max-width: 1024px){\r\n    .arb-portfolio-grid{\r\n      grid-template-columns: 1fr;\r\n      gap: 24px;\r\n    }\r\n\r\n    .arb-ingredient-image{\r\n      height: 340px;\r\n    }\r\n\r\n    .arb-ingredient-inci,\r\n    .arb-ingredient-text,\r\n    .arb-proof-box{\r\n      min-height: unset;\r\n    }\r\n  }\r\n\r\n  @media (max-width: 767px){\r\n    .arb-portfolio-hero{\r\n      padding: 72px 20px 62px;\r\n    }\r\n\r\n    .arb-portfolio-title{\r\n      font-size: 38px;\r\n    }\r\n\r\n    .arb-portfolio-subtitle{\r\n      font-size: 16px;\r\n    }\r\n\r\n    .arb-portfolio-section{\r\n      padding: 0 20px 70px;\r\n    }\r\n\r\n    .arb-portfolio-intro{\r\n      padding-top: 38px;\r\n      margin-bottom: 28px;\r\n    }\r\n\r\n    .arb-portfolio-intro h2{\r\n      font-size: 30px;\r\n    }\r\n\r\n    .arb-ingredient-image{\r\n      height: 260px;\r\n    }\r\n\r\n    .arb-ingredient-body{\r\n      padding: 24px 20px 22px;\r\n    }\r\n\r\n    .arb-ingredient-title{\r\n      font-size: 28px;\r\n    }\r\n\r\n    .arb-ingredient-inci,\r\n    .arb-ingredient-text,\r\n    .arb-proof-box{\r\n      min-height: unset;\r\n    }\r\n  }\r\n<\/style>\r\n\r\n<section class=\"arb-portfolio-hero\">\r\n  <div class=\"arb-portfolio-wrap\">\r\n    <p class=\"arb-portfolio-kicker\">Notre portefeuille<\/p>\r\n    <h1 class=\"arb-portfolio-title\">Nos Ingr\u00e9dients<\/h1>\r\n    <p class=\"arb-portfolio-subtitle\">\r\n      Trois actifs compl\u00e9mentaires d\u00e9velopp\u00e9s \u00e0 travers une plateforme scientifique coh\u00e9rente, combinant extraction \u00e9co-con\u00e7ue, pertinence de la formulation et donn\u00e9es d'efficacit\u00e9 s\u00e9lectionn\u00e9es.\r\n    <\/p>\r\n  <\/div>\r\n<\/section>\r\n\r\n<section class=\"arb-portfolio-section\">\r\n  <div class=\"arb-portfolio-intro\">\r\n    <h2>Trois axes de performance guid\u00e9s par une m\u00eame logique scientifique<\/h2>\r\n    <p>\r\n      Arboretum Ingredients d\u00e9veloppe des actifs cosm\u00e9tiques haut de gamme gr\u00e2ce \u00e0 Ultrasevum\u2122, notre plateforme d'extraction sans solvant utilisant des s\u00e8ves naturelles. Chaque ingr\u00e9dient r\u00e9pond \u00e0 un besoin distinct en mati\u00e8re de soins de la peau tout en partageant la m\u00eame base scientifique \u00e9co-innovante.\r\n    <\/p>\r\n  <\/div>\r\n\r\n  <div class=\"arb-portfolio-grid\">\r\n\r\n    <div class=\"arb-ingredient-card\">\r\n      <div class=\"arb-ingredient-image linodermine\">\r\n        <img decoding=\"async\" src=\"http:\/\/arboretum-ingredients.com\/wp-content\/uploads\/2026\/04\/Design-sans-titre-82.png\" alt=\"Linodermine\u2122 visual\">\r\n      <\/div>\r\n      <div class=\"arb-ingredient-body\">\r\n        <p class=\"arb-ingredient-kicker\">Anti-\u00e2ge global<\/p>\r\n        <h2 class=\"arb-ingredient-title\">Linodermine\u2122<\/h2>\r\n        <p class=\"arb-ingredient-inci\">Betula alba juice (and) Linum usitatissimum seed extract<\/p>\r\n        <p class=\"arb-ingredient-text\">\r\n          Actif \u00e0 base de mucilage de lin apportant un \u00e9clat imm\u00e9diat tout en soutenant la fermet\u00e9, l'\u00e9lasticit\u00e9, l'hydratation et une r\u00e9duction visible des rides avec le temps.\r\n        <\/p>\r\n        \r\n        <div class=\"arb-ingredient-cta\">\r\n          <a href=\"\/fr\/linodermine\/\">Acc\u00e8s au dossier<\/a>\r\n        <\/div>\r\n      <\/div>\r\n    <\/div>\r\n\r\n    <div class=\"arb-ingredient-card\">\r\n      <div class=\"arb-ingredient-image lumidermine\">\r\n        <img decoding=\"async\" src=\"http:\/\/arboretum-ingredients.com\/wp-content\/uploads\/2026\/04\/Visuel-Totem-C360-2025.png\" alt=\"Lumidermine\u2122 visual\">\r\n      <\/div>\r\n      <div class=\"arb-ingredient-body\">\r\n        <p class=\"arb-ingredient-kicker\">\u00c9claircissant<\/p>\r\n        <h2 class=\"arb-ingredient-title\">Lumidermine\u2122<\/h2>\r\n        <p class=\"arb-ingredient-inci\">Betula alba juice (and) Gentiana lutea root extract<\/p>\r\n        <p class=\"arb-ingredient-text\">\r\n          Actif \u00e0 base de racines de gentiane con\u00e7ue pour am\u00e9liorer l'uniformit\u00e9 du teint, rehausser l'\u00e9clat et r\u00e9duire visiblement l'apparence des taches brunes.\r\n    \r\n        <div class=\"arb-ingredient-cta\">\r\n          <a href=\"\/fr\/lumidermine\/\">Acc\u00e8s au dossier<\/a>\r\n        <\/div>\r\n      <\/div>\r\n    <\/div>\r\n\r\n    <div class=\"arb-ingredient-card\">\r\n      <div class=\"arb-ingredient-image resiskin\">\r\n        <img decoding=\"async\" src=\"http:\/\/arboretum-ingredients.com\/wp-content\/uploads\/2026\/04\/resiskin-modele-coupee.png\" alt=\"Resiskin\u2122 visual\">\r\n      <\/div>\r\n      <div class=\"arb-ingredient-body\">\r\n        <p class=\"arb-ingredient-kicker\">R\u00e9silience cutan\u00e9e<\/p>\r\n        <h2 class=\"arb-ingredient-title\">Resiskin\u2122<\/h2>\r\n        <p class=\"arb-ingredient-inci\">Betula alba juice (and) Morus alba leaf extract<\/p>\r\n        <p class=\"arb-ingredient-text\">\r\n          Actif \u00e0 base de feuilles de murier blanc pour peaux stress\u00e9es, sensibles et fragilis\u00e9es, soutenant l'int\u00e9grit\u00e9 de la barri\u00e8re cutan\u00e9e, l'hydratation, le confort et la r\u00e9duction visible des rougeurs.\r\n        <\/p>\r\n       \r\n        <div class=\"arb-ingredient-cta\">\r\n          <a href=\"\/fr\/resiskin\/\">Acc\u00e8s au dossier<\/a>\r\n        <\/div>\r\n      <\/div>\r\n    <\/div>\r\n\r\n  <\/div>\r\n<\/section>\t\t\t\t<\/div>\n\t\t\t\t\t<\/div>\n\t\t\t\t<\/div>\n\t\t\t\t<\/div>","protected":false},"excerpt":{"rendered":"<p>Our portfolio Our Ingredients Three complementary actives developed through one coherent scientific platform, combining eco-designed extraction, formulation relevance and selected [&hellip;]<\/p>\n","protected":false},"author":1,"featured_media":0,"parent":0,"menu_order":2,"comment_status":"closed","ping_status":"closed","template":"","meta":{"site-sidebar-layout":"default","site-content-layout":"","ast-site-content-layout":"default","site-content-style":"default","site-sidebar-style":"default","ast-global-header-display":"","ast-banner-title-visibility":"disabled","ast-main-header-display":"","ast-hfb-above-header-display":"","ast-hfb-below-header-display":"","ast-hfb-mobile-header-display":"","site-post-title":"","ast-breadcrumbs-content":"","ast-featured-img":"","footer-sml-layout":"","ast-disable-related-posts":"","theme-transparent-header-meta":"","adv-header-id-meta":"","stick-header-meta":"","header-above-stick-meta":"","header-main-stick-meta":"","header-below-stick-meta":"","astra-migrate-meta-layouts":"default","ast-page-background-enabled":"default","ast-page-background-meta":{"desktop":{"background-color":"var(--ast-global-color-5)","background-image":"","background-repeat":"repeat","background-position":"center center","background-size":"auto","background-attachment":"scroll","background-type":"","background-media":"","overlay-type":"","overlay-color":"","overlay-opacity":"","overlay-gradient":""},"tablet":{"background-color":"","background-image":"","background-repeat":"repeat","background-position":"center center","background-size":"auto","background-attachment":"scroll","background-type":"","background-media":"","overlay-type":"","overlay-color":"","overlay-opacity":"","overlay-gradient":""},"mobile":{"background-color":"","background-image":"","background-repeat":"repeat","background-position":"center center","background-size":"auto","background-attachment":"scroll","background-type":"","background-media":"","overlay-type":"","overlay-color":"","overlay-opacity":"","overlay-gradient":""}},"ast-content-background-meta":{"desktop":{"background-color":"var(--ast-global-color-4)","background-image":"","background-repeat":"repeat","background-position":"center center","background-size":"auto","background-attachment":"scroll","background-type":"","background-media":"","overlay-type":"","overlay-color":"","overlay-opacity":"","overlay-gradient":""},"tablet":{"background-color":"var(--ast-global-color-4)","background-image":"","background-repeat":"repeat","background-position":"center center","background-size":"auto","background-attachment":"scroll","background-type":"","background-media":"","overlay-type":"","overlay-color":"","overlay-opacity":"","overlay-gradient":""},"mobile":{"background-color":"var(--ast-global-color-4)","background-image":"","background-repeat":"repeat","background-position":"center center","background-size":"auto","background-attachment":"scroll","background-type":"","background-media":"","overlay-type":"","overlay-color":"","overlay-opacity":"","overlay-gradient":""}},"footnotes":""},"class_list":["post-19","page","type-page","status-publish","hentry"],"yoast_head":"<!-- This site is optimized with the Yoast SEO plugin v27.3 - https:\/\/yoast.com\/product\/yoast-seo-wordpress\/ -->\n<title>Ingredients -<\/title>\n<meta name=\"robots\" content=\"index, follow, max-snippet:-1, max-image-preview:large, max-video-preview:-1\" \/>\n<link rel=\"canonical\" href=\"https:\/\/arboretum-ingredients.com\/fr\/ingredients\/\" \/>\n<meta property=\"og:locale\" content=\"fr_FR\" \/>\n<meta property=\"og:type\" content=\"article\" \/>\n<meta property=\"og:title\" content=\"Ingredients -\" \/>\n<meta property=\"og:description\" content=\"Our portfolio Our Ingredients Three complementary actives developed through one coherent scientific platform, combining eco-designed extraction, formulation relevance and selected [&hellip;]\" \/>\n<meta property=\"og:url\" content=\"https:\/\/arboretum-ingredients.com\/fr\/ingredients\/\" \/>\n<meta property=\"article:modified_time\" content=\"2026-04-11T19:49:14+00:00\" \/>\n<meta property=\"og:image\" content=\"http:\/\/arboretum-ingredients.com\/wp-content\/uploads\/2026\/04\/Design-sans-titre-82.png\" \/>\n<meta name=\"twitter:card\" content=\"summary_large_image\" \/>\n<meta name=\"twitter:label1\" content=\"Dur\u00e9e de lecture estim\u00e9e\" \/>\n\t<meta name=\"twitter:data1\" content=\"4 minutes\" \/>\n<script type=\"application\/ld+json\" class=\"yoast-schema-graph\">{\"@context\":\"https:\\\/\\\/schema.org\",\"@graph\":[{\"@type\":\"WebPage\",\"@id\":\"https:\\\/\\\/arboretum-ingredients.com\\\/ingredients\\\/\",\"url\":\"https:\\\/\\\/arboretum-ingredients.com\\\/ingredients\\\/\",\"name\":\"Ingredients -\",\"isPartOf\":{\"@id\":\"https:\\\/\\\/arboretum-ingredients.com\\\/#website\"},\"primaryImageOfPage\":{\"@id\":\"https:\\\/\\\/arboretum-ingredients.com\\\/ingredients\\\/#primaryimage\"},\"image\":{\"@id\":\"https:\\\/\\\/arboretum-ingredients.com\\\/ingredients\\\/#primaryimage\"},\"thumbnailUrl\":\"http:\\\/\\\/arboretum-ingredients.com\\\/wp-content\\\/uploads\\\/2026\\\/04\\\/Design-sans-titre-82.png\",\"datePublished\":\"2026-04-08T13:27:50+00:00\",\"dateModified\":\"2026-04-11T19:49:14+00:00\",\"breadcrumb\":{\"@id\":\"https:\\\/\\\/arboretum-ingredients.com\\\/ingredients\\\/#breadcrumb\"},\"inLanguage\":\"fr-FR\",\"potentialAction\":[{\"@type\":\"ReadAction\",\"target\":[\"https:\\\/\\\/arboretum-ingredients.com\\\/ingredients\\\/\"]}]},{\"@type\":\"ImageObject\",\"inLanguage\":\"fr-FR\",\"@id\":\"https:\\\/\\\/arboretum-ingredients.com\\\/ingredients\\\/#primaryimage\",\"url\":\"http:\\\/\\\/arboretum-ingredients.com\\\/wp-content\\\/uploads\\\/2026\\\/04\\\/Design-sans-titre-82.png\",\"contentUrl\":\"http:\\\/\\\/arboretum-ingredients.com\\\/wp-content\\\/uploads\\\/2026\\\/04\\\/Design-sans-titre-82.png\"},{\"@type\":\"BreadcrumbList\",\"@id\":\"https:\\\/\\\/arboretum-ingredients.com\\\/ingredients\\\/#breadcrumb\",\"itemListElement\":[{\"@type\":\"ListItem\",\"position\":1,\"name\":\"Home\",\"item\":\"https:\\\/\\\/arboretum-ingredients.com\\\/\"},{\"@type\":\"ListItem\",\"position\":2,\"name\":\"Ingredients\"}]},{\"@type\":\"WebSite\",\"@id\":\"https:\\\/\\\/arboretum-ingredients.com\\\/#website\",\"url\":\"https:\\\/\\\/arboretum-ingredients.com\\\/\",\"name\":\"\",\"description\":\"\",\"publisher\":{\"@id\":\"https:\\\/\\\/arboretum-ingredients.com\\\/#organization\"},\"alternateName\":\"Arboretum Ingredients (AI)\",\"potentialAction\":[{\"@type\":\"SearchAction\",\"target\":{\"@type\":\"EntryPoint\",\"urlTemplate\":\"https:\\\/\\\/arboretum-ingredients.com\\\/?s={search_term_string}\"},\"query-input\":{\"@type\":\"PropertyValueSpecification\",\"valueRequired\":true,\"valueName\":\"search_term_string\"}}],\"inLanguage\":\"fr-FR\"},{\"@type\":\"Organization\",\"@id\":\"https:\\\/\\\/arboretum-ingredients.com\\\/#organization\",\"name\":\"Arboretum Ingredients\",\"alternateName\":\"Arboretum Ingredients (AI)\",\"url\":\"https:\\\/\\\/arboretum-ingredients.com\\\/\",\"logo\":{\"@type\":\"ImageObject\",\"inLanguage\":\"fr-FR\",\"@id\":\"https:\\\/\\\/arboretum-ingredients.com\\\/#\\\/schema\\\/logo\\\/image\\\/\",\"url\":\"https:\\\/\\\/arboretum-ingredients.com\\\/wp-content\\\/uploads\\\/2026\\\/04\\\/logo-Arboretum-Ingredients.png\",\"contentUrl\":\"https:\\\/\\\/arboretum-ingredients.com\\\/wp-content\\\/uploads\\\/2026\\\/04\\\/logo-Arboretum-Ingredients.png\",\"width\":612,\"height\":612,\"caption\":\"Arboretum Ingredients\"},\"image\":{\"@id\":\"https:\\\/\\\/arboretum-ingredients.com\\\/#\\\/schema\\\/logo\\\/image\\\/\"},\"sameAs\":[\"https:\\\/\\\/www.linkedin.com\\\/company\\\/arboretum-ingredients\\\/\",\"https:\\\/\\\/www.youtube.com\\\/@ArboretumIngredients\"]}]}<\/script>\n<!-- \/ Yoast SEO plugin. -->","yoast_head_json":{"title":"Ingredients -","robots":{"index":"index","follow":"follow","max-snippet":"max-snippet:-1","max-image-preview":"max-image-preview:large","max-video-preview":"max-video-preview:-1"},"canonical":"https:\/\/arboretum-ingredients.com\/fr\/ingredients\/","og_locale":"fr_FR","og_type":"article","og_title":"Ingredients -","og_description":"Our portfolio Our Ingredients Three complementary actives developed through one coherent scientific platform, combining eco-designed extraction, formulation relevance and selected [&hellip;]","og_url":"https:\/\/arboretum-ingredients.com\/fr\/ingredients\/","article_modified_time":"2026-04-11T19:49:14+00:00","og_image":[{"url":"http:\/\/arboretum-ingredients.com\/wp-content\/uploads\/2026\/04\/Design-sans-titre-82.png","type":"","width":"","height":""}],"twitter_card":"summary_large_image","twitter_misc":{"Dur\u00e9e de lecture estim\u00e9e":"4 minutes"},"schema":{"@context":"https:\/\/schema.org","@graph":[{"@type":"WebPage","@id":"https:\/\/arboretum-ingredients.com\/ingredients\/","url":"https:\/\/arboretum-ingredients.com\/ingredients\/","name":"Ingredients -","isPartOf":{"@id":"https:\/\/arboretum-ingredients.com\/#website"},"primaryImageOfPage":{"@id":"https:\/\/arboretum-ingredients.com\/ingredients\/#primaryimage"},"image":{"@id":"https:\/\/arboretum-ingredients.com\/ingredients\/#primaryimage"},"thumbnailUrl":"http:\/\/arboretum-ingredients.com\/wp-content\/uploads\/2026\/04\/Design-sans-titre-82.png","datePublished":"2026-04-08T13:27:50+00:00","dateModified":"2026-04-11T19:49:14+00:00","breadcrumb":{"@id":"https:\/\/arboretum-ingredients.com\/ingredients\/#breadcrumb"},"inLanguage":"fr-FR","potentialAction":[{"@type":"ReadAction","target":["https:\/\/arboretum-ingredients.com\/ingredients\/"]}]},{"@type":"ImageObject","inLanguage":"fr-FR","@id":"https:\/\/arboretum-ingredients.com\/ingredients\/#primaryimage","url":"http:\/\/arboretum-ingredients.com\/wp-content\/uploads\/2026\/04\/Design-sans-titre-82.png","contentUrl":"http:\/\/arboretum-ingredients.com\/wp-content\/uploads\/2026\/04\/Design-sans-titre-82.png"},{"@type":"BreadcrumbList","@id":"https:\/\/arboretum-ingredients.com\/ingredients\/#breadcrumb","itemListElement":[{"@type":"ListItem","position":1,"name":"Home","item":"https:\/\/arboretum-ingredients.com\/"},{"@type":"ListItem","position":2,"name":"Ingredients"}]},{"@type":"WebSite","@id":"https:\/\/arboretum-ingredients.com\/#website","url":"https:\/\/arboretum-ingredients.com\/","name":"","description":"","publisher":{"@id":"https:\/\/arboretum-ingredients.com\/#organization"},"alternateName":"Arboretum Ingredients (AI)","potentialAction":[{"@type":"SearchAction","target":{"@type":"EntryPoint","urlTemplate":"https:\/\/arboretum-ingredients.com\/?s={search_term_string}"},"query-input":{"@type":"PropertyValueSpecification","valueRequired":true,"valueName":"search_term_string"}}],"inLanguage":"fr-FR"},{"@type":"Organization","@id":"https:\/\/arboretum-ingredients.com\/#organization","name":"Arboretum Ingredients","alternateName":"Arboretum Ingredients (AI)","url":"https:\/\/arboretum-ingredients.com\/","logo":{"@type":"ImageObject","inLanguage":"fr-FR","@id":"https:\/\/arboretum-ingredients.com\/#\/schema\/logo\/image\/","url":"https:\/\/arboretum-ingredients.com\/wp-content\/uploads\/2026\/04\/logo-Arboretum-Ingredients.png","contentUrl":"https:\/\/arboretum-ingredients.com\/wp-content\/uploads\/2026\/04\/logo-Arboretum-Ingredients.png","width":612,"height":612,"caption":"Arboretum Ingredients"},"image":{"@id":"https:\/\/arboretum-ingredients.com\/#\/schema\/logo\/image\/"},"sameAs":["https:\/\/www.linkedin.com\/company\/arboretum-ingredients\/","https:\/\/www.youtube.com\/@ArboretumIngredients"]}]}},"_links":{"self":[{"href":"https:\/\/arboretum-ingredients.com\/fr\/wp-json\/wp\/v2\/pages\/19","targetHints":{"allow":["GET"]}}],"collection":[{"href":"https:\/\/arboretum-ingredients.com\/fr\/wp-json\/wp\/v2\/pages"}],"about":[{"href":"https:\/\/arboretum-ingredients.com\/fr\/wp-json\/wp\/v2\/types\/page"}],"author":[{"embeddable":true,"href":"https:\/\/arboretum-ingredients.com\/fr\/wp-json\/wp\/v2\/users\/1"}],"replies":[{"embeddable":true,"href":"https:\/\/arboretum-ingredients.com\/fr\/wp-json\/wp\/v2\/comments?post=19"}],"version-history":[{"count":12,"href":"https:\/\/arboretum-ingredients.com\/fr\/wp-json\/wp\/v2\/pages\/19\/revisions"}],"predecessor-version":[{"id":360,"href":"https:\/\/arboretum-ingredients.com\/fr\/wp-json\/wp\/v2\/pages\/19\/revisions\/360"}],"wp:attachment":[{"href":"https:\/\/arboretum-ingredients.com\/fr\/wp-json\/wp\/v2\/media?parent=19"}],"curies":[{"name":"wp","href":"https:\/\/api.w.org\/{rel}","templated":true}]}}